{"id":13,"date":"2020-01-23T21:44:02","date_gmt":"2020-01-23T21:44:02","guid":{"rendered":"http:\/\/hugo-eins.de\/?page_id=13"},"modified":"2020-11-16T07:55:52","modified_gmt":"2020-11-16T07:55:52","slug":"impressum","status":"publish","type":"page","link":"https:\/\/hugo-eins.de\/?page_id=13","title":{"rendered":"Impressum"},"content":{"rendered":"\n<p>Verantwortlich f\u00fcr den Inhalt:<\/p>\n\n\n\n<p>Praxisgemeinschaft HUGO EINS<\/p>\n\n\n\n<p>Doris K\u00f6berlein<\/p>\n\n\n\n<p>Hugenottenplatz 1<br>91054 Erlangen<\/p>\n\n\n\n<p>Telefon 09131 404964<\/p>\n\n\n\n<p>praxis(at)heilungs-impulse.de<\/p>\n\n\n\n<hr class=\"wp-block-separator\"\/>\n\n\n\n<p>Berufsbezeichnung: Heilpraktikerin<\/p>\n\n\n\n<p>Rechtsgrundlage: \u00a7 1 Heilpraktikergesetz (HPG) und 1. DVO vom 17.02.1939<\/p>\n\n\n\n<p>Zust\u00e4ndige Aufsichtsbeh\u00f6rden:<br>Gesundheitsamt Erlangen-H\u00f6chstadt, Schubertstr. 14, 91052 Erlangen<br>Gesundheitsamt Landkreis F\u00fcrth, Stresemannplatz 11, 90763 F\u00fcrth<\/p>\n\n\n\n<p>Die Erlaubnisurkunde zur Aus\u00fcbung der Heilkunde ohne Bestallung wurde am 04.11.1991 beim Gesundheitsamt N\u00fcrnberg, Burgstra\u00dfe 4, 90403 N\u00fcrnberg ausgestellt.<\/p>\n\n\n\n<hr class=\"wp-block-separator\"\/>\n\n\n\n<p>Umsatzsteuer-Identifikationsnummer: Heilkundliche T\u00e4tigkeit befreit von der Umsatzsteuer gem\u00e4\u00df \u00a74 Nr.14 UStG<br>Praxis Erlangen: Steuernummer 216\/238\/10485 beim Finanzamt Erlangen,<br>Praxis Puschendorf: Steuernummer 218\/238\/10315 beim Finanzamt F\u00fcrth.<\/p>\n\n\n\n<hr class=\"wp-block-separator\"\/>\n\n\n\n<p>Rechtliches:<br>Laut \u00a7 3 HWG ist es Heilpraktikern untersagt Aussagen wie &#8222;Heilung trete auf jeden Fall ein&#8220;, oder &#8222;es gebe keine Nebenwirkungen&#8220; zu t\u00e4tigen. Aufgrund der Gesetzeslage distanziere ich mich daher von derartigen Aussagen und Versprechungen. Ich weise darauf hin, dass f\u00fcr die hier beschriebenen Therapien und Heilweisen bis zum heutigen Zeitpunkt keine wissenschaftlichen Untersuchungen bzw. Ergebnisse vorliegen.<\/p>\n\n\n\n<hr class=\"wp-block-separator\"\/>\n\n\n\n<p>Fotos:<br>Ich habe auf meiner Webseite nur eigene Fotos verwendet.<\/p>\n\n\n\n<hr class=\"wp-block-separator\"\/>\n\n\n\n<p>Verantwortlich f\u00fcr die Homepage: Doris K\u00f6berlein, Heilpraktikerin<br>Praxisinhaberin: Doris K\u00f6berlein, Heilpraktikerin<\/p>\n\n\n\n<hr class=\"wp-block-separator\"\/>\n\n\n\n<p>Haftungsausschluss:<br>Obwohl bei der Zusammenstellung der auf diesen Webseiten enthaltenen Informationen gro\u00dfe Sorgfalt angewandt wurde, sind alle Informationen und Erkl\u00e4rungen unverbindlich.<br>F\u00fcr die Richtigkeit und Vollst\u00e4ndigkeit der Informationen wird keine Gew\u00e4hr \u00fcbernommen. Aus den Inhalten der Homepage ergeben sich keinerlei Rechtsanspr\u00fcche.<br>Auch kann f\u00fcr Aussagen Dritter keine Haftung \u00fcbernommen werden.<br>Alle Texte, Bilder, Downloads und Grafiken meiner Homepage sind urheberrechtlich gesch\u00fctzt. Der Gebrauch oder die Vervielf\u00e4ltigung und Verbreitung des Inhaltes oder Teile daraus sind nur durch meine vorherige schriftliche Genehmigung gestattet.<br>Selbstverst\u00e4ndlich behalte ich mir vor, jederzeit inhaltliche Ver\u00e4nderungen auf meiner Homepage vorzunehmen, um diese auf dem neuesten Stand zu halten.<\/p>\n\n\n\n<hr class=\"wp-block-separator\"\/>\n\n\n\n<p>Externe Links:<br>Das Landesgericht Hamburg hat mit Urteil vom 12.05.1998 entschieden, dass man durch die Ausbringung eines Links die Inhalte der gelinkten Seiten gegebenenfalls mitzuverantworten hat. Dies kann, so das LG, nur dadurch verhindert werden, dass man sich ausdr\u00fccklich von diesen Inhalten distanziert. Ich habe auf meinen Seiten Links zu anderen Seiten im Internet gelegt. F\u00fcr all diese Links gilt: Ich, Doris K\u00f6berlein betone ausdr\u00fccklich, dass ich keinerlei Einfluss auf die Gestaltung und die Inhalte der gelinkten Seiten habe. Deshalb distanziere ich mich hiermit ausdr\u00fccklich von den Inhalten aller gelinkten Seiten auf deren Webseite inklusive aller Unterseiten. Diese Erkl\u00e4rung gilt f\u00fcr alle auf diesen Seiten angebrachten Links und f\u00fcr alle Inhalte der Seiten, zu denen Links oder Banner f\u00fchren.<\/p>\n\n\n\n<hr class=\"wp-block-separator\"\/>\n\n\n\n<p>Keine Abmahnung ohne vorherigen Kontakt!<br>Sollten Sie an einem Text, Bild etc. die Rechte Dritter verletzt sehen oder einen Versto\u00df gegen gesetzliche Bestimmungen feststellen, so bitte ich Sie um pers\u00f6nliche Kontaktaufnahme. Ich w\u00fcrde diese Rechtsverletzung oder den Gesetzesversto\u00df, wenn vorhanden unverz\u00fcglich korrigieren. Hierf\u00fcr ist die Einschaltung eines Rechtsanwaltes \u00fcberfl\u00fcssig.<\/p>\n\n\n\n<hr class=\"wp-block-separator\"\/>\n","protected":false},"excerpt":{"rendered":"<p>Verantwortlich f\u00fcr den Inhalt: Praxisgemeinschaft HUGO EINS Doris K\u00f6berlein Hugenottenplatz 191054 Erlangen Telefon 09131 404964 praxis(at)heilungs-impulse.de Berufsbezeichnung: Heilpraktikerin Rechtsgrundlage: \u00a7 1 Heilpraktikergesetz (HPG) und 1. DVO vom 17.02.1939 Zust\u00e4ndige Aufsichtsbeh\u00f6rden:Gesundheitsamt Erlangen-H\u00f6chstadt, Schubertstr. 14, 91052 ErlangenGesundheitsamt Landkreis F\u00fcrth, Stresemannplatz 11, 90763 F\u00fcrth Die Erlaubnisurkunde zur Aus\u00fcbung der Heilkunde ohne Bestallung wurde am 04.11.1991 beim Gesundheitsamt N\u00fcrnberg, <a class=\"read-more\" href=\"https:\/\/hugo-eins.de\/?page_id=13\">Read More<\/a><\/p>\n","protected":false},"author":1,"featured_media":0,"parent":0,"menu_order":1,"comment_status":"closed","ping_status":"closed","template":"","meta":{"footnotes":""},"class_list":["post-13","page","type-page","status-publish","hentry"],"_links":{"self":[{"href":"https:\/\/hugo-eins.de\/index.php?rest_route=\/wp\/v2\/pages\/13","targetHints":{"allow":["GET"]}}],"collection":[{"href":"https:\/\/hugo-eins.de\/index.php?rest_route=\/wp\/v2\/pages"}],"about":[{"href":"https:\/\/hugo-eins.de\/index.php?rest_route=\/wp\/v2\/types\/page"}],"author":[{"embeddable":true,"href":"https:\/\/hugo-eins.de\/index.php?rest_route=\/wp\/v2\/users\/1"}],"replies":[{"embeddable":true,"href":"https:\/\/hugo-eins.de\/index.php?rest_route=%2Fwp%2Fv2%2Fcomments&post=13"}],"version-history":[{"count":3,"href":"https:\/\/hugo-eins.de\/index.php?rest_route=\/wp\/v2\/pages\/13\/revisions"}],"predecessor-version":[{"id":65,"href":"https:\/\/hugo-eins.de\/index.php?rest_route=\/wp\/v2\/pages\/13\/revisions\/65"}],"wp:attachment":[{"href":"https:\/\/hugo-eins.de\/index.php?rest_route=%2Fwp%2Fv2%2Fmedia&parent=13"}],"curies":[{"name":"wp","href":"https:\/\/api.w.org\/{rel}","templated":true}]}}